{"id":15734,"date":"2017-01-13T13:53:34","date_gmt":"2017-01-13T12:53:34","guid":{"rendered":"http:\/\/www.dtarchitecture.ch\/?page_id=15734"},"modified":"2022-11-18T11:05:03","modified_gmt":"2022-11-18T10:05:03","slug":"architecture-2","status":"publish","type":"page","link":"https:\/\/www.dtarchitecture.ch\/?page_id=15734","title":{"rendered":"Direction de travaux"},"content":{"rendered":"<p>[vc_row css_animation=&#8221;&#8221; row_type=&#8221;row&#8221; use_row_as_full_screen_section=&#8221;no&#8221; type=&#8221;full_width&#8221; header_style=&#8221;dark&#8221; angled_section=&#8221;no&#8221; text_align=&#8221;left&#8221; background_image_as_pattern=&#8221;with_pattern&#8221; css=&#8221;.vc_custom_1465902724457{border-top-width: 2px !important;border-right-width: 2px !important;border-bottom-width: 2px !important;border-left-width: 2px !important;}&#8221;][vc_column]<blockquote class=' with_quote_icon' style=''><i class='fa fa-quote-right' style=''><\/i><h5 class='blockquote-text' style=''>Un directeur des travaux qualifi\u00e9 sur un chantier, c\u2019est votre chef d\u2019orchestre entre les nombreux intervenants qui vous assurera une qualit\u00e9 de r\u00e9alisation avec des co\u00fbts et des d\u00e9lais maitris\u00e9s.<\/h5><\/blockquote><blockquote class=' with_quote_icon' style=''><i class='fa fa-quote-right' style=''><\/i><h5 class='blockquote-text' style=''>La construction et les normes actuelles sont complexes, n\u2019entreprenez pas des travaux d\u2019envergure sans comp\u00e9tence, c\u2019est le risque de vous mettre dans une situation p\u00e9rilleuse avec un ouvrage dot\u00e9 de nombreux d\u00e9fauts on\u00e9reux voir impossible \u00e0 r\u00e9parer.<\/h5><\/blockquote>[\/vc_column][\/vc_row][vc_row css_animation=&#8221;&#8221; row_type=&#8221;row&#8221; use_row_as_full_screen_section=&#8221;no&#8221; type=&#8221;full_width&#8221; angled_section=&#8221;no&#8221; text_align=&#8221;left&#8221; background_image_as_pattern=&#8221;without_pattern&#8221;][vc_column]<span data-type=\"normal\"  class=\"qode_icon_shortcode  q_font_awsome_icon fa-5x pull-center \" style=\" \"><i class=\"qode_icon_font_awesome fa fa-cogs qode_icon_element\" style=\"\" ><\/i><\/span>[vc_column_text]<\/p>\n<p style=\"text-align: center;\">Plans d&#8217;ex\u00e9cution<br \/>\nDevis g\u00e9n\u00e9ral<br \/>\nAppel d&#8217;offres, soumissions (CAN, SIA 451)<br \/>\nDirection des travaux, suivis de chantier<br \/>\nExpertises techniques de b\u00e2timents<br \/>\nPlanification des op\u00e9rations<br \/>\nMarch\u00e9s publics<br \/>\nMise en concurrence, analyse de prix<br \/>\nConseils en solutions constructives<br \/>\nConseil\/assistance \u00e0\u00a0ma\u00eetre d&#8217;ouvrage<br \/>\nAssainissement de\u00a0b\u00e2timent<br \/>\nResponsable assurance qualit\u00e9 incendie degr\u00e9 1 et 2<br \/>\nElaboration de concept de protection incendie<br \/>\nR\u00e9novation \/ transformation<\/p>\n<p>[\/vc_column_text][vc_separator type=&#8221;transparent&#8221; up=&#8221;50&#8243; down=&#8221;50&#8243;][\/vc_column][\/vc_row]<\/p>\n","protected":false},"excerpt":{"rendered":"<p>[vc_row css_animation=&#8221;&#8221; row_type=&#8221;row&#8221; use_row_as_full_screen_section=&#8221;no&#8221; type=&#8221;full_width&#8221; header_style=&#8221;dark&#8221; angled_section=&#8221;no&#8221; text_align=&#8221;left&#8221; background_image_as_pattern=&#8221;with_pattern&#8221; css=&#8221;.vc_custom_1465902724457{border-top-width: 2px !important;border-right-width: 2px !important;border-bottom-width: 2px !important;border-left-width: 2px !important;}&#8221;][vc_column][\/vc_column][\/vc_row][vc_row css_animation=&#8221;&#8221; row_type=&#8221;row&#8221; use_row_as_full_screen_section=&#8221;no&#8221; type=&#8221;full_width&#8221; angled_section=&#8221;no&#8221; text_align=&#8221;left&#8221; background_image_as_pattern=&#8221;without_pattern&#8221;][vc_column][vc_column_text] Plans d&#8217;ex\u00e9cution Devis g\u00e9n\u00e9ral Appel d&#8217;offres, soumissions (CAN, SIA 451) Direction des travaux, suivis de chantier Expertises techniques de b\u00e2timents&#8230;<\/p>\n","protected":false},"author":1,"featured_media":0,"parent":0,"menu_order":0,"comment_status":"closed","ping_status":"closed","template":"","meta":{"footnotes":""},"_links":{"self":[{"href":"https:\/\/www.dtarchitecture.ch\/index.php?rest_route=\/wp\/v2\/pages\/15734"}],"collection":[{"href":"https:\/\/www.dtarchitecture.ch\/index.php?rest_route=\/wp\/v2\/pages"}],"about":[{"href":"https:\/\/www.dtarchitecture.ch\/index.php?rest_route=\/wp\/v2\/types\/page"}],"author":[{"embeddable":true,"href":"https:\/\/www.dtarchitecture.ch\/index.php?rest_route=\/wp\/v2\/users\/1"}],"replies":[{"embeddable":true,"href":"https:\/\/www.dtarchitecture.ch\/index.php?rest_route=%2Fwp%2Fv2%2Fcomments&post=15734"}],"version-history":[{"count":37,"href":"https:\/\/www.dtarchitecture.ch\/index.php?rest_route=\/wp\/v2\/pages\/15734\/revisions"}],"predecessor-version":[{"id":16279,"href":"https:\/\/www.dtarchitecture.ch\/index.php?rest_route=\/wp\/v2\/pages\/15734\/revisions\/16279"}],"wp:attachment":[{"href":"https:\/\/www.dtarchitecture.ch\/index.php?rest_route=%2Fwp%2Fv2%2Fmedia&parent=15734"}],"curies":[{"name":"wp","href":"https:\/\/api.w.org\/{rel}","templated":true}]}}