{"id":15750,"date":"2017-01-13T16:50:59","date_gmt":"2017-01-13T15:50:59","guid":{"rendered":"http:\/\/www.dtarchitecture.ch\/?page_id=15750"},"modified":"2023-03-16T17:32:27","modified_gmt":"2023-03-16T16:32:27","slug":"architecture-4","status":"publish","type":"page","link":"https:\/\/www.dtarchitecture.ch\/?page_id=15750","title":{"rendered":"Expertises"},"content":{"rendered":"<p>[vc_row css_animation=&#8221;&#8221; row_type=&#8221;row&#8221; use_row_as_full_screen_section=&#8221;no&#8221; type=&#8221;full_width&#8221; header_style=&#8221;dark&#8221; angled_section=&#8221;no&#8221; text_align=&#8221;left&#8221; background_image_as_pattern=&#8221;with_pattern&#8221; css=&#8221;.vc_custom_1465902724457{border-top-width: 2px !important;border-right-width: 2px !important;border-bottom-width: 2px !important;border-left-width: 2px !important;}&#8221;][vc_column]<blockquote class=' with_quote_icon' style=''><i class='fa fa-quote-right' style=''><\/i><h5 class='blockquote-text' style=''>expertise technique, estimation immobili\u00e8re, d\u00e9faut d'ouvrage, avis avant achat, notre solide exp\u00e9rience en immobilier a relev\u00e9 d\u00e9j\u00e0 de nombreux d\u00e9fis.<\/h5><\/blockquote>[\/vc_column][\/vc_row][vc_row css_animation=&#8221;&#8221; row_type=&#8221;row&#8221; use_row_as_full_screen_section=&#8221;no&#8221; type=&#8221;full_width&#8221; angled_section=&#8221;no&#8221; text_align=&#8221;center&#8221; background_image_as_pattern=&#8221;without_pattern&#8221;][vc_column]<span data-type=\"normal\"  class=\"qode_icon_shortcode  q_font_awsome_icon fa-5x pull-center \" style=\" \"><i class=\"qode_icon_font_awesome fa fa-search qode_icon_element\" style=\"\" ><\/i><\/span>[vc_column_text]Estimation\u00a0immobili\u00e8re<br \/>\nAvis technique avant achat<br \/>\nD\u00e9fauts d&#8217;ouvrage<br \/>\nMalfa\u00e7ons, non-conformit\u00e9<br \/>\nD\u00e9tection d&#8217;humidit\u00e9<br \/>\nPont-de-froid, moisissure<br \/>\nD\u00e9faut d&#8217;isolation<br \/>\nFissuration<br \/>\nImage par cam\u00e9ra thermique<br \/>\nContr\u00f4le de toiture par dr\u00f4ne<br \/>\nExpertise technique, avis \u00e9nerg\u00e9tique<br \/>\nConseils en cas de litige[\/vc_column_text][\/vc_column][\/vc_row][vc_row css_animation=&#8221;&#8221; row_type=&#8221;row&#8221; use_row_as_full_screen_section=&#8221;no&#8221; type=&#8221;full_width&#8221; angled_section=&#8221;no&#8221; text_align=&#8221;left&#8221; background_image_as_pattern=&#8221;without_pattern&#8221;][vc_column][vc_separator type=&#8221;transparent&#8221; up=&#8221;50&#8243; down=&#8221;50&#8243;][vc_column_text]<\/p>\n<h4>Vous souhaitez acqu\u00e9rir ou <strong>vendre un bien immobilier<\/strong>, vous constatez des <strong>malfa\u00e7ons<\/strong> ou des probl\u00e8mes constructifs dans votre maison?<br \/>\nNotre savoir faire apportera r\u00e9ponse \u00e0 vos questions.<br \/>\nContactez-nous \u00e0 l&#8217;aide du formulaire ci-dessous afin de nous exposer votre demande pour une offre.<\/h4>\n<p>[\/vc_column_text][vc_separator type=&#8221;transparent&#8221; down=&#8221;50&#8243;][vc_column_text]<\/p>\n<h3><strong>NOUS NE REPRENONS PAS DE NOUVEAUX MANDATS D&#8217;EXPERTISES POUR LE MOMENT<br \/>\n<\/strong><br \/>\n<strong>MERCI DE VOTRE COMPREHENSION.<\/strong><\/h3>\n<p>[\/vc_column_text][vc_separator type=&#8221;transparent&#8221; down=&#8221;50&#8243;]\n<div class=\"wpcf7 no-js\" id=\"wpcf7-f39-o1\" lang=\"fr-FR\" dir=\"ltr\">\n<div class=\"screen-reader-response\"><p role=\"status\" aria-live=\"polite\" aria-atomic=\"true\"><\/p> <ul><\/ul><\/div>\n<form action=\"\/index.php?rest_route=%2Fwp%2Fv2%2Fpages%2F15750#wpcf7-f39-o1\" method=\"post\" class=\"wpcf7-form init default\" aria-label=\"Formulaire de contact\" novalidate=\"novalidate\" data-status=\"init\">\n<div style=\"display: none;\">\n<input type=\"hidden\" name=\"_wpcf7\" value=\"39\" \/>\n<input type=\"hidden\" name=\"_wpcf7_version\" value=\"5.8.6\" \/>\n<input type=\"hidden\" name=\"_wpcf7_locale\" value=\"fr_FR\" \/>\n<input type=\"hidden\" name=\"_wpcf7_unit_tag\" value=\"wpcf7-f39-o1\" \/>\n<input type=\"hidden\" name=\"_wpcf7_container_post\" value=\"0\" \/>\n<input type=\"hidden\" name=\"_wpcf7_posted_data_hash\" value=\"\" \/>\n<input type=\"hidden\" name=\"_wpcf7_recaptcha_response\" value=\"\" \/>\n<\/div>\n<p>Votre nom (obligatoire)\n<\/p>\n<p><span class=\"wpcf7-form-control-wrap\" data-name=\"your-name\"><input size=\"40\" class=\"wpcf7-form-control wpcf7-text wpcf7-validates-as-required\" aria-required=\"true\" aria-invalid=\"false\" value=\"\" type=\"text\" name=\"your-name\" \/><\/span>\n<\/p>\n<p>Votre email (obligatoire)\n<\/p>\n<p><span class=\"wpcf7-form-control-wrap\" data-name=\"your-email\"><input size=\"40\" class=\"wpcf7-form-control wpcf7-email wpcf7-validates-as-required wpcf7-text wpcf7-validates-as-email\" aria-required=\"true\" aria-invalid=\"false\" value=\"\" type=\"email\" name=\"your-email\" \/><\/span>\n<\/p>\n<p>T\u00e9l\u00e9phone\n<\/p>\n<p><span class=\"wpcf7-form-control-wrap\" data-name=\"telephone\"><input size=\"40\" class=\"wpcf7-form-control wpcf7-tel wpcf7-text wpcf7-validates-as-tel\" aria-invalid=\"false\" value=\"\" type=\"tel\" name=\"telephone\" \/><\/span>\n<\/p>\n<p>Souhaitez-vous que l'on vous contacte par email ou t\u00e9l\u00e9phone ?\n<\/p>\n<p><span class=\"wpcf7-form-control-wrap\" data-name=\"contactpar\"><span class=\"wpcf7-form-control wpcf7-radio\"><span class=\"wpcf7-list-item first\"><input type=\"radio\" name=\"contactpar\" value=\"T\u00e9l\u00e9phone\" \/><span class=\"wpcf7-list-item-label\">T\u00e9l\u00e9phone<\/span><\/span><span class=\"wpcf7-list-item last\"><input type=\"radio\" name=\"contactpar\" value=\"Email\" checked=\"checked\" \/><span class=\"wpcf7-list-item-label\">Email<\/span><\/span><\/span><\/span>\n<\/p>\n<p>Sujet\n<\/p>\n<p><span class=\"wpcf7-form-control-wrap\" data-name=\"your-subject\"><input size=\"40\" class=\"wpcf7-form-control wpcf7-text\" aria-invalid=\"false\" value=\"\" type=\"text\" name=\"your-subject\" \/><\/span>\n<\/p>\n<p>Votre message\n<\/p>\n<p><span class=\"wpcf7-form-control-wrap\" data-name=\"your-message\"><textarea cols=\"40\" rows=\"10\" class=\"wpcf7-form-control wpcf7-textarea\" aria-invalid=\"false\" name=\"your-message\"><\/textarea><\/span>\n<\/p>\n<p><input class=\"wpcf7-form-control wpcf7-submit has-spinner\" type=\"submit\" value=\"Envoyer\" \/>\n<\/p><p style=\"display: none !important;\" class=\"akismet-fields-container\" data-prefix=\"_wpcf7_ak_\"><label>&#916;<textarea name=\"_wpcf7_ak_hp_textarea\" cols=\"45\" rows=\"8\" maxlength=\"100\"><\/textarea><\/label><input type=\"hidden\" id=\"ak_js_1\" name=\"_wpcf7_ak_js\" value=\"248\"\/><script>document.getElementById( \"ak_js_1\" ).setAttribute( \"value\", ( new Date() ).getTime() );<\/script><\/p><div class=\"wpcf7-response-output\" aria-hidden=\"true\"><\/div>\n<\/form>\n<\/div>\n[\/vc_column][\/vc_row]<\/p>\n","protected":false},"excerpt":{"rendered":"<p>[vc_row css_animation=&#8221;&#8221; row_type=&#8221;row&#8221; use_row_as_full_screen_section=&#8221;no&#8221; type=&#8221;full_width&#8221; header_style=&#8221;dark&#8221; angled_section=&#8221;no&#8221; text_align=&#8221;left&#8221; background_image_as_pattern=&#8221;with_pattern&#8221; css=&#8221;.vc_custom_1465902724457{border-top-width: 2px !important;border-right-width: 2px !important;border-bottom-width: 2px !important;border-left-width: 2px !important;}&#8221;][vc_column][\/vc_column][\/vc_row][vc_row css_animation=&#8221;&#8221; row_type=&#8221;row&#8221; use_row_as_full_screen_section=&#8221;no&#8221; type=&#8221;full_width&#8221; angled_section=&#8221;no&#8221; text_align=&#8221;center&#8221; background_image_as_pattern=&#8221;without_pattern&#8221;][vc_column][vc_column_text]Estimation\u00a0immobili\u00e8re Avis technique avant achat D\u00e9fauts d&#8217;ouvrage Malfa\u00e7ons, non-conformit\u00e9 D\u00e9tection d&#8217;humidit\u00e9 Pont-de-froid, moisissure D\u00e9faut d&#8217;isolation Fissuration Image par cam\u00e9ra thermique Contr\u00f4le&#8230;<\/p>\n","protected":false},"author":1,"featured_media":0,"parent":0,"menu_order":0,"comment_status":"closed","ping_status":"closed","template":"","meta":{"footnotes":""},"_links":{"self":[{"href":"https:\/\/www.dtarchitecture.ch\/index.php?rest_route=\/wp\/v2\/pages\/15750"}],"collection":[{"href":"https:\/\/www.dtarchitecture.ch\/index.php?rest_route=\/wp\/v2\/pages"}],"about":[{"href":"https:\/\/www.dtarchitecture.ch\/index.php?rest_route=\/wp\/v2\/types\/page"}],"author":[{"embeddable":true,"href":"https:\/\/www.dtarchitecture.ch\/index.php?rest_route=\/wp\/v2\/users\/1"}],"replies":[{"embeddable":true,"href":"https:\/\/www.dtarchitecture.ch\/index.php?rest_route=%2Fwp%2Fv2%2Fcomments&post=15750"}],"version-history":[{"count":26,"href":"https:\/\/www.dtarchitecture.ch\/index.php?rest_route=\/wp\/v2\/pages\/15750\/revisions"}],"predecessor-version":[{"id":16294,"href":"https:\/\/www.dtarchitecture.ch\/index.php?rest_route=\/wp\/v2\/pages\/15750\/revisions\/16294"}],"wp:attachment":[{"href":"https:\/\/www.dtarchitecture.ch\/index.php?rest_route=%2Fwp%2Fv2%2Fmedia&parent=15750"}],"curies":[{"name":"wp","href":"https:\/\/api.w.org\/{rel}","templated":true}]}}