{"id":15806,"date":"2017-02-02T18:14:20","date_gmt":"2017-02-02T17:14:20","guid":{"rendered":"http:\/\/www.dtarchitecture.ch\/?page_id=15806"},"modified":"2022-07-27T08:11:54","modified_gmt":"2022-07-27T07:11:54","slug":"architecture-4-2-2","status":"publish","type":"page","link":"https:\/\/www.dtarchitecture.ch\/?page_id=15806","title":{"rendered":"R\u00e9novation"},"content":{"rendered":"<p>[vc_row css_animation=&#8221;&#8221; row_type=&#8221;row&#8221; use_row_as_full_screen_section=&#8221;no&#8221; type=&#8221;full_width&#8221; header_style=&#8221;dark&#8221; angled_section=&#8221;no&#8221; text_align=&#8221;left&#8221; background_image_as_pattern=&#8221;with_pattern&#8221; css=&#8221;.vc_custom_1465902724457{border-top-width: 2px !important;border-right-width: 2px !important;border-bottom-width: 2px !important;border-left-width: 2px !important;}&#8221;][vc_column]<blockquote class=' with_quote_icon' style=''><i class='fa fa-quote-right' style=''><\/i><h5 class='blockquote-text' style=''>R\u00e9nover un b\u00e2timent n'est pas une mince affaire. Nous sommes l\u00e0 comme chef d\u2019orchestre avec de hautes qualifications afin que votre r\u00e9novation\/transformation se r\u00e9alise dans les r\u00e8gles de l\u2019art et sereinement.<\/h5><\/blockquote>[\/vc_column][\/vc_row][vc_row css_animation=&#8221;&#8221; row_type=&#8221;row&#8221; use_row_as_full_screen_section=&#8221;no&#8221; type=&#8221;full_width&#8221; angled_section=&#8221;no&#8221; text_align=&#8221;center&#8221; background_image_as_pattern=&#8221;without_pattern&#8221;][vc_column width=&#8221;1\/3&#8243;]<span data-type=\"normal\"  class=\"qode_icon_shortcode  q_font_awsome_icon fa-5x pull-center \" style=\" \"><i class=\"qode_icon_font_awesome fa fa-question-circle qode_icon_element\" style=\"\" ><\/i><\/span>[vc_separator type=&#8221;transparent&#8221;][vc_column_text]<\/p>\n<h4 style=\"text-align: left;\">Pourquoi maintenant ?<\/h4>\n<p>&nbsp;<\/p>\n<p style=\"text-align: left;\">Profitez des subventions cantonales. Vous recevez des aides financi\u00e8res pour :<\/p>\n<ul style=\"list-style-type: disc; text-align: left;\">\n<li>Am\u00e9lioration \u00e9nerg\u00e9tique de votre b\u00e2timent<\/li>\n<li>Am\u00e9lioration de l\u2019\u00e9tiquette \u00e9nerg\u00e9tique CECB<\/li>\n<li>Remplacement de l\u2019installation de chauffage<\/li>\n<li>Etablissement d\u2019un diagnostique CECB<\/li>\n<li>Isolation (toit, murs sol)<\/li>\n<li>R\u00e9novation compl\u00e8te avec labels (Minergie\/CECB)<\/li>\n<li>Remplacement de l\u2019installation de chauffage<\/li>\n<li>Panneaux solaires<\/li>\n<\/ul>\n<p>&nbsp;<\/p>\n<h4 style=\"text-align: left;\">Le diable se cache dans les d\u00e9tails !<\/h4>\n<p style=\"text-align: left;\">Mettre en oeuvre une r\u00e9novation \u00e9nerg\u00e9tique efficace et pas ch\u00e8re, n\u2019est pas une mince affaire.<br \/>\nModifier l\u2019isolation ou remplacer une installation de chauffage obsol\u00e8te implique des connaissances sur la physique du b\u00e2timent et des d\u00e9marches administrative complexes et obligatoire. Les r\u00e9actions \u00e0 la suite de mauvais choix sont souvent lourdes de cons\u00e9quences. Des ponts thermiques apparaissent aux raccords avec les parties non-isol\u00e9es, les fen\u00eatres et les caissons de stores, aux raccords au toit, au terrain et aux balcons.<\/p>\n<p style=\"text-align: left;\"><strong>Les risques sont :<\/strong><\/p>\n<ul style=\"list-style-type: disc;\">\n<li style=\"text-align: left;\">Moisissures par condensation<\/li>\n<li style=\"text-align: left;\">Humidit\u00e9 et remont\u00e9es par capillarit\u00e9<\/li>\n<li style=\"text-align: left;\">Chocs thermiques et fissurations<\/li>\n<li style=\"text-align: left;\">Inconfort<\/li>\n<\/ul>\n<p>[\/vc_column_text][\/vc_column][vc_column width=&#8221;1\/3&#8243;][vc_separator type=&#8221;transparent&#8221;][vc_separator type=&#8221;transparent&#8221;][\/vc_column][vc_column width=&#8221;1\/3&#8243;]<span data-type=\"normal\"  class=\"qode_icon_shortcode  q_font_awsome_icon fa-5x pull-center \" style=\" \"><i class=\"qode_icon_font_awesome fa fa-users qode_icon_element\" style=\"\" ><\/i><\/span>[vc_separator type=&#8221;transparent&#8221;][vc_column_text]<\/p>\n<h4 style=\"text-align: left;\">Nous vous accompagnons.<\/h4>\n<p>&nbsp;<\/p>\n<p style=\"text-align: left;\"><strong>ETAPE 1 : <\/strong>Vous prenez rendez-vous avec DTArchitecture SA \u00e0 Bex ou \u00e0 Martigny.<br \/>\nLors de ce premier rendez-vous d\u2019une heure environ (sans engagement ni frais), nous vous aidons \u00e0 bien cerner votre projet de r\u00e9novation ou de transformation. C\u2019est \u00e9galement l\u2019occasion de vous fournir les premiers conseils techniques sur les travaux \u00e0 pr\u00e9voir, de vous donner des informations sur les normes et r\u00e8glements en vigueur et des aides financi\u00e8res \u00e0 disposition.<\/p>\n<p>&nbsp;<\/p>\n<p style=\"text-align: left;\"><strong>ETAPE 2 :<\/strong> Nous effectuons une analyse technique.<br \/>\nCet examen permet de d\u00e9terminer les qualit\u00e9s et d\u00e9fauts de votre bien immobilier, les travaux les plus pertinents \u00e0 r\u00e9aliser et \u00e9tablir un devis g\u00e9n\u00e9ral gr\u00e2ce \u00e0 un chiffrage d\u00e9taill\u00e9 par corps de m\u00e9tier.<\/p>\n<p>&nbsp;<\/p>\n<p style=\"text-align: left;\"><strong>ETAPE 3 :<\/strong> Nous effectuons les d\u00e9marches administratives et organisons les travaux.<br \/>\nNous assurons le suivi des dossiers administratifs et d\u2019enqu\u00eates publiques jusqu\u2019\u00e0 l\u2019obtention des autorisations et des promesses de subventions.<br \/>\nNous d\u00e9finissons avec vous le programme des travaux et effectuons une surveillance s\u00e9rieuse des entreprises ex\u00e9cutantes jusqu\u2019\u00e0 la livraison de l\u2019ouvrage et des factures finales.<\/p>\n<p>[\/vc_column_text][\/vc_column][\/vc_row]<\/p>\n","protected":false},"excerpt":{"rendered":"<p>[vc_row css_animation=&#8221;&#8221; row_type=&#8221;row&#8221; use_row_as_full_screen_section=&#8221;no&#8221; type=&#8221;full_width&#8221; header_style=&#8221;dark&#8221; angled_section=&#8221;no&#8221; text_align=&#8221;left&#8221; background_image_as_pattern=&#8221;with_pattern&#8221; css=&#8221;.vc_custom_1465902724457{border-top-width: 2px !important;border-right-width: 2px !important;border-bottom-width: 2px !important;border-left-width: 2px !important;}&#8221;][vc_column][\/vc_column][\/vc_row][vc_row css_animation=&#8221;&#8221; row_type=&#8221;row&#8221; use_row_as_full_screen_section=&#8221;no&#8221; type=&#8221;full_width&#8221; angled_section=&#8221;no&#8221; text_align=&#8221;center&#8221; background_image_as_pattern=&#8221;without_pattern&#8221;][vc_column width=&#8221;1\/3&#8243;][vc_separator type=&#8221;transparent&#8221;][vc_column_text] Pourquoi maintenant ? &nbsp; Profitez des subventions cantonales. Vous recevez des aides financi\u00e8res pour : Am\u00e9lioration \u00e9nerg\u00e9tique de&#8230;<\/p>\n","protected":false},"author":1,"featured_media":0,"parent":0,"menu_order":0,"comment_status":"closed","ping_status":"closed","template":"","meta":{"footnotes":""},"_links":{"self":[{"href":"https:\/\/www.dtarchitecture.ch\/index.php?rest_route=\/wp\/v2\/pages\/15806"}],"collection":[{"href":"https:\/\/www.dtarchitecture.ch\/index.php?rest_route=\/wp\/v2\/pages"}],"about":[{"href":"https:\/\/www.dtarchitecture.ch\/index.php?rest_route=\/wp\/v2\/types\/page"}],"author":[{"embeddable":true,"href":"https:\/\/www.dtarchitecture.ch\/index.php?rest_route=\/wp\/v2\/users\/1"}],"replies":[{"embeddable":true,"href":"https:\/\/www.dtarchitecture.ch\/index.php?rest_route=%2Fwp%2Fv2%2Fcomments&post=15806"}],"version-history":[{"count":28,"href":"https:\/\/www.dtarchitecture.ch\/index.php?rest_route=\/wp\/v2\/pages\/15806\/revisions"}],"predecessor-version":[{"id":16247,"href":"https:\/\/www.dtarchitecture.ch\/index.php?rest_route=\/wp\/v2\/pages\/15806\/revisions\/16247"}],"wp:attachment":[{"href":"https:\/\/www.dtarchitecture.ch\/index.php?rest_route=%2Fwp%2Fv2%2Fmedia&parent=15806"}],"curies":[{"name":"wp","href":"https:\/\/api.w.org\/{rel}","templated":true}]}}