{"id":7,"date":"2014-05-15T15:28:44","date_gmt":"2014-05-15T14:28:44","guid":{"rendered":"http:\/\/www.dtarchitecture.ch\/wordpress\/?page_id=7"},"modified":"2021-01-15T09:35:40","modified_gmt":"2021-01-15T08:35:40","slug":"competences","status":"publish","type":"page","link":"https:\/\/www.dtarchitecture.ch\/?page_id=7","title":{"rendered":"Comp\u00e9tences"},"content":{"rendered":"<p>[vc_row css_animation=&#8221;&#8221; row_type=&#8221;row&#8221; use_row_as_full_screen_section=&#8221;no&#8221; type=&#8221;full_width&#8221; header_style=&#8221;dark&#8221; angled_section=&#8221;no&#8221; text_align=&#8221;left&#8221; background_image_as_pattern=&#8221;with_pattern&#8221; css=&#8221;.vc_custom_1465902724457{border-top-width: 2px !important;border-right-width: 2px !important;border-bottom-width: 2px !important;border-left-width: 2px !important;}&#8221;][vc_column]<blockquote class=' with_quote_icon' style=''><i class='fa fa-quote-right' style=''><\/i><h5 class='blockquote-text' style=''>Notre bureau a l'exp\u00e9rience professionnelle pour concr\u00e9tiser votre projet de construction du plus petit ouvrage \u00e0 la construction de grande envergure.<\/p>\n<p>Le mandat peut se d\u00e9rouler par \u00e9tape, partiellement ou pour la totalit\u00e9 des prestations...<\/h5><\/blockquote>[\/vc_column][\/vc_row][vc_row css_animation=&#8221;&#8221; row_type=&#8221;row&#8221; use_row_as_full_screen_section=&#8221;no&#8221; type=&#8221;full_width&#8221; angled_section=&#8221;no&#8221; text_align=&#8221;left&#8221; background_image_as_pattern=&#8221;without_pattern&#8221;][vc_column][vc_separator type=&#8221;transparent&#8221; down=&#8221;50&#8243;][\/vc_column][\/vc_row][vc_row css_animation=&#8221;&#8221; row_type=&#8221;row&#8221; use_row_as_full_screen_section=&#8221;no&#8221; type=&#8221;full_width&#8221; angled_section=&#8221;no&#8221; text_align=&#8221;center&#8221; background_image_as_pattern=&#8221;without_pattern&#8221;][vc_column width=&#8221;1\/3&#8243;]<div class='service_table_holder'><ul class='service_table_inner'><li class='service_table_title_holder background_color_type' style=''><div class='service_table_title_inner'><div class='service_table_title_inner2'><h2 class='service_title' style=''>Domaine de comp\u00e9tences<\/h2><i class=\"qode_icon_font_awesome fa fa-home fa-4x\" style=\"\" ><\/i><\/div><\/div><\/li><li class='service_table_content' style=''>Transformation et r\u00e9novation<br \/>\nSur\u00e9l\u00e9vation en bois pour densification<br \/>\nBilan thermique et \u00e9nerg\u00e9tique<br \/>\nR\u00e9novation de monument historique<br \/>\nB\u00e2timent publique et commercial<br \/>\nStructure h\u00f4teli\u00e8re et touristique<br \/>\nVilla individuelle<br \/>\nOssature bois<br \/>\nHabitat collectif, immeuble<br \/>\nConstruction industrielle, usine, entrep\u00f4t<br \/>\nB\u00e2timent administratif<br \/>\nConstruction passive, Minergie\u00a9<br \/>\nMise en conformit\u00e9 (incendie, thermique)<br \/>\nConcept de protection incendie AEAI. Degr\u00e9 1 et 2.<br \/>\nExpertise et estimation immobili\u00e8re<br \/>\nPrise de vue a\u00e9rienne par drone<\/li><\/ul><\/div>[\/vc_column][vc_column width=&#8221;1\/3&#8243;]<div class='service_table_holder'><ul class='service_table_inner'><li class='service_table_title_holder background_color_type' style='background-color: #ffffff;'><div class='service_table_title_inner'><div class='service_table_title_inner2'><h2 class='service_title' style=''>Architecture<\/h2><i class=\"qode_icon_font_awesome fa fa-pencil fa-5x\" style=\"\" ><\/i><\/div><\/div><\/li><li class='service_table_content' style='background-color: #ffffff;'>Etude de faisabilit\u00e9<br \/>\nProjet d&#8217;architecture<br \/>\nUrbanisme<br \/>\nEstimation des co\u00fbts<br \/>\nPermis de construire<br \/>\nMise \u00e0 l&#8217;enqu\u00eate publique<br \/>\nConcours d&#8217;architecture<br \/>\nImagerie de synth\u00e8se<br \/>\nExpertise et estimation immobili\u00e8re<br \/>\nExpertise\u00a0dommage ouvrage<br \/>\n(malfa\u00e7on, humidit\u00e9, litige, etc)<\/li><\/ul><\/div>[\/vc_column][vc_column width=&#8221;1\/3&#8243;]<div class='service_table_holder'><ul class='service_table_inner'><li class='service_table_title_holder background_color_type' style='background-color: #ffffff;'><div class='service_table_title_inner'><div class='service_table_title_inner2'><h2 class='service_title' style=''>Direction de travaux<\/h2><i class=\"qode_icon_font_awesome fa fa-cogs fa-5x\" style=\"\" ><\/i><\/div><\/div><\/li><li class='service_table_content' style='background-color: #ffffff;'>Plan d&#8217;ex\u00e9cution<br \/>\nDevis g\u00e9n\u00e9ral<br \/>\nAppel d&#8217;offres, soumissions (CAN, SIA 451)<br \/>\nDirection des travaux, suivis de chantier<br \/>\nExpertises\u00a0de b\u00e2timents<br \/>\nPlanification des op\u00e9rations<br \/>\nGestion des acqu\u00e9reurs lors de PPE<br \/>\nMarch\u00e9s publics<br \/>\nComparatif, analyse de prix<br \/>\nConseils en solutions constructives<br \/>\nConseils \u00e0\u00a0ma\u00eetre d&#8217;ouvrage<br \/>\nAssainissement de\u00a0b\u00e2timent<br \/>\nResponsable qualit\u00e9 incendie de degr\u00e9s AQ1 et AQ2<br \/>\nR\u00e9novation \/ transformation d&#8217;appartements<\/li><\/ul><\/div>[\/vc_column][\/vc_row][vc_row css_animation=&#8221;&#8221; row_type=&#8221;row&#8221; use_row_as_full_screen_section=&#8221;no&#8221; type=&#8221;full_width&#8221; angled_section=&#8221;no&#8221; text_align=&#8221;left&#8221; background_image_as_pattern=&#8221;without_pattern&#8221;][vc_column][vc_separator type=&#8221;transparent&#8221; down=&#8221;50&#8243;][\/vc_column][\/vc_row]<\/p>\n","protected":false},"excerpt":{"rendered":"<p>[vc_row css_animation=&#8221;&#8221; row_type=&#8221;row&#8221; use_row_as_full_screen_section=&#8221;no&#8221; type=&#8221;full_width&#8221; header_style=&#8221;dark&#8221; angled_section=&#8221;no&#8221; text_align=&#8221;left&#8221; background_image_as_pattern=&#8221;with_pattern&#8221; css=&#8221;.vc_custom_1465902724457{border-top-width: 2px !important;border-right-width: 2px !important;border-bottom-width: 2px !important;border-left-width: 2px !important;}&#8221;][vc_column][\/vc_column][\/vc_row][vc_row css_animation=&#8221;&#8221; row_type=&#8221;row&#8221; use_row_as_full_screen_section=&#8221;no&#8221; type=&#8221;full_width&#8221; angled_section=&#8221;no&#8221; text_align=&#8221;left&#8221; background_image_as_pattern=&#8221;without_pattern&#8221;][vc_column][vc_separator type=&#8221;transparent&#8221; down=&#8221;50&#8243;][\/vc_column][\/vc_row][vc_row css_animation=&#8221;&#8221; row_type=&#8221;row&#8221; use_row_as_full_screen_section=&#8221;no&#8221; type=&#8221;full_width&#8221; angled_section=&#8221;no&#8221; text_align=&#8221;center&#8221; background_image_as_pattern=&#8221;without_pattern&#8221;][vc_column width=&#8221;1\/3&#8243;][\/vc_column][vc_column width=&#8221;1\/3&#8243;][\/vc_column][vc_column width=&#8221;1\/3&#8243;][\/vc_column][\/vc_row][vc_row css_animation=&#8221;&#8221; row_type=&#8221;row&#8221; use_row_as_full_screen_section=&#8221;no&#8221; type=&#8221;full_width&#8221; angled_section=&#8221;no&#8221; text_align=&#8221;left&#8221; background_image_as_pattern=&#8221;without_pattern&#8221;][vc_column][vc_separator type=&#8221;transparent&#8221;&#8230;<\/p>\n","protected":false},"author":1,"featured_media":0,"parent":0,"menu_order":0,"comment_status":"closed","ping_status":"closed","template":"","meta":{"footnotes":""},"_links":{"self":[{"href":"https:\/\/www.dtarchitecture.ch\/index.php?rest_route=\/wp\/v2\/pages\/7"}],"collection":[{"href":"https:\/\/www.dtarchitecture.ch\/index.php?rest_route=\/wp\/v2\/pages"}],"about":[{"href":"https:\/\/www.dtarchitecture.ch\/index.php?rest_route=\/wp\/v2\/types\/page"}],"author":[{"embeddable":true,"href":"https:\/\/www.dtarchitecture.ch\/index.php?rest_route=\/wp\/v2\/users\/1"}],"replies":[{"embeddable":true,"href":"https:\/\/www.dtarchitecture.ch\/index.php?rest_route=%2Fwp%2Fv2%2Fcomments&post=7"}],"version-history":[{"count":81,"href":"https:\/\/www.dtarchitecture.ch\/index.php?rest_route=\/wp\/v2\/pages\/7\/revisions"}],"predecessor-version":[{"id":16117,"href":"https:\/\/www.dtarchitecture.ch\/index.php?rest_route=\/wp\/v2\/pages\/7\/revisions\/16117"}],"wp:attachment":[{"href":"https:\/\/www.dtarchitecture.ch\/index.php?rest_route=%2Fwp%2Fv2%2Fmedia&parent=7"}],"curies":[{"name":"wp","href":"https:\/\/api.w.org\/{rel}","templated":true}]}}