{"id":9619,"date":"2014-02-03T14:31:59","date_gmt":"2014-02-03T14:31:59","guid":{"rendered":"http:\/\/demo.qodeinteractive.com\/bridge\/?page_id=9619"},"modified":"2024-10-29T17:22:12","modified_gmt":"2024-10-29T16:22:12","slug":"our-team","status":"publish","type":"page","link":"https:\/\/www.dtarchitecture.ch\/?page_id=9619","title":{"rendered":"Le team"},"content":{"rendered":"<p>[vc_row css_animation=&#8221;&#8221; row_type=&#8221;row&#8221; use_row_as_full_screen_section=&#8221;no&#8221; type=&#8221;full_width&#8221; angled_section=&#8221;no&#8221; text_align=&#8221;left&#8221; background_image_as_pattern=&#8221;without_pattern&#8221;][vc_column][vc_column_text]<\/p>\n<h2 style=\"text-align: center;\">Direction<\/h2>\n<p>[\/vc_column_text][vc_separator type=&#8221;transparent&#8221; up=&#8221;0&#8243; down=&#8221;0&#8243;][vc_column_text]<\/p>\n<table class=\" alignleft\" style=\"width: 100%;\">\n<tbody>\n<tr>\n<td style=\"width: 139.828125px;\">\n<h4 style=\"text-align: left;\">Astrit Lokaj<\/h4>\n<\/td>\n<td style=\"width: 35.78125px;\"><\/td>\n<td style=\"text-align: left; width: 275.421875px;\">Directeur des travaux, Administrateur-directeur<\/td>\n<\/tr>\n<tr>\n<td style=\"width: 139.828125px;\">\n<h4 style=\"text-align: left;\">Jacques Cerigioni<\/h4>\n<\/td>\n<td style=\"width: 35.78125px;\"><\/td>\n<td style=\"text-align: left; width: 275.421875px;\">Architecte HES<\/td>\n<\/tr>\n<\/tbody>\n<\/table>\n<p>[\/vc_column_text][vc_separator type=&#8221;transparent&#8221; up=&#8221;5px&#8221;][vc_separator type=&#8221;transparent&#8221; up=&#8221;5px&#8221;][\/vc_column][\/vc_row][vc_row css_animation=&#8221;&#8221; row_type=&#8221;row&#8221; use_row_as_full_screen_section=&#8221;no&#8221; type=&#8221;full_width&#8221; angled_section=&#8221;no&#8221; text_align=&#8221;left&#8221; background_image_as_pattern=&#8221;without_pattern&#8221;][vc_column][vc_empty_space height=&#8221;40px&#8221;][\/vc_column][\/vc_row][vc_row css_animation=&#8221;&#8221; row_type=&#8221;row&#8221; use_row_as_full_screen_section=&#8221;no&#8221; type=&#8221;full_width&#8221; angled_section=&#8221;no&#8221; text_align=&#8221;left&#8221; background_image_as_pattern=&#8221;without_pattern&#8221;][vc_column][vc_column_text]<\/p>\n<h2 style=\"text-align: center;\">Collaborateurs<\/h2>\n<p>[\/vc_column_text][vc_separator type=&#8221;transparent&#8221;][\/vc_column][\/vc_row][vc_row css_animation=&#8221;&#8221; row_type=&#8221;row&#8221; use_row_as_full_screen_section=&#8221;no&#8221; type=&#8221;full_width&#8221; angled_section=&#8221;no&#8221; text_align=&#8221;left&#8221; background_image_as_pattern=&#8221;without_pattern&#8221;][vc_column][vc_empty_space height=&#8221;40px&#8221;][\/vc_column][\/vc_row][vc_row css_animation=&#8221;&#8221; row_type=&#8221;row&#8221; use_row_as_full_screen_section=&#8221;no&#8221; type=&#8221;full_width&#8221; angled_section=&#8221;no&#8221; text_align=&#8221;left&#8221; background_image_as_pattern=&#8221;without_pattern&#8221;][vc_column]<span data-type=\"normal\"  class=\"qode_icon_shortcode  q_font_awsome_icon fa-4x pull-center q_icon_animation\" style=\" \"><i class=\"qode_icon_font_awesome fa fa-users qode_icon_element\" style=\"\" ><\/i><\/span>[vc_column_text]<\/p>\n<h2 style=\"text-align: center;\">Emplois<\/h2>\n<p>[\/vc_column_text][vc_column_text]<\/p>\n<p style=\"text-align: center;\">Notre bureau est \u00e0 la recherche d&#8217;un Dessinateur(trice) en b\u00e2timent<br \/>\net<br \/>\nd&#8217;un directeur des travaux.<\/p>\n<p style=\"text-align: center;\">N&#8217;h\u00e9sitez pas \u00e0 envoyer votre dossier de candidature en PDF \u00e0 <a href=\"mailto:emploi@dtarchitecture.ch\">emploi@dtarchitecture.ch<\/a><\/p>\n<p>[\/vc_column_text][vc_separator type=&#8221;transparent&#8221; up=&#8221;0&#8243; down=&#8221;50&#8243;][\/vc_column][\/vc_row]<\/p>\n","protected":false},"excerpt":{"rendered":"<p>[vc_row css_animation=&#8221;&#8221; row_type=&#8221;row&#8221; use_row_as_full_screen_section=&#8221;no&#8221; type=&#8221;full_width&#8221; angled_section=&#8221;no&#8221; text_align=&#8221;left&#8221; background_image_as_pattern=&#8221;without_pattern&#8221;][vc_column][vc_column_text] Direction [\/vc_column_text][vc_separator type=&#8221;transparent&#8221; up=&#8221;0&#8243; down=&#8221;0&#8243;][vc_column_text] Astrit Lokaj Directeur des travaux, Administrateur-directeur Jacques Cerigioni Architecte HES [\/vc_column_text][vc_separator type=&#8221;transparent&#8221; up=&#8221;5px&#8221;][vc_separator type=&#8221;transparent&#8221; up=&#8221;5px&#8221;][\/vc_column][\/vc_row][vc_row css_animation=&#8221;&#8221; row_type=&#8221;row&#8221; use_row_as_full_screen_section=&#8221;no&#8221; type=&#8221;full_width&#8221; angled_section=&#8221;no&#8221; text_align=&#8221;left&#8221; background_image_as_pattern=&#8221;without_pattern&#8221;][vc_column][vc_empty_space height=&#8221;40px&#8221;][\/vc_column][\/vc_row][vc_row css_animation=&#8221;&#8221; row_type=&#8221;row&#8221; use_row_as_full_screen_section=&#8221;no&#8221; type=&#8221;full_width&#8221; angled_section=&#8221;no&#8221; text_align=&#8221;left&#8221; background_image_as_pattern=&#8221;without_pattern&#8221;][vc_column][vc_column_text] Collaborateurs [\/vc_column_text][vc_separator&#8230;<\/p>\n","protected":false},"author":1,"featured_media":0,"parent":0,"menu_order":0,"comment_status":"open","ping_status":"open","template":"","meta":{"footnotes":""},"_links":{"self":[{"href":"https:\/\/www.dtarchitecture.ch\/index.php?rest_route=\/wp\/v2\/pages\/9619"}],"collection":[{"href":"https:\/\/www.dtarchitecture.ch\/index.php?rest_route=\/wp\/v2\/pages"}],"about":[{"href":"https:\/\/www.dtarchitecture.ch\/index.php?rest_route=\/wp\/v2\/types\/page"}],"author":[{"embeddable":true,"href":"https:\/\/www.dtarchitecture.ch\/index.php?rest_route=\/wp\/v2\/users\/1"}],"replies":[{"embeddable":true,"href":"https:\/\/www.dtarchitecture.ch\/index.php?rest_route=%2Fwp%2Fv2%2Fcomments&post=9619"}],"version-history":[{"count":108,"href":"https:\/\/www.dtarchitecture.ch\/index.php?rest_route=\/wp\/v2\/pages\/9619\/revisions"}],"predecessor-version":[{"id":16317,"href":"https:\/\/www.dtarchitecture.ch\/index.php?rest_route=\/wp\/v2\/pages\/9619\/revisions\/16317"}],"wp:attachment":[{"href":"https:\/\/www.dtarchitecture.ch\/index.php?rest_route=%2Fwp%2Fv2%2Fmedia&parent=9619"}],"curies":[{"name":"wp","href":"https:\/\/api.w.org\/{rel}","templated":true}]}}